{"id":698,"date":"2024-11-29T14:49:07","date_gmt":"2024-11-29T14:49:07","guid":{"rendered":"https:\/\/site.gbvempreendimentos.com.br\/?page_id=698"},"modified":"2025-11-23T16:48:11","modified_gmt":"2025-11-23T20:48:11","slug":"empreendimento-nyon","status":"publish","type":"page","link":"https:\/\/www.gbvempreendimentos.com.br\/es\/empreendimento-nyon\/","title":{"rendered":"Nyon Residence"},"content":{"rendered":"\t\t<div data-elementor-type=\"wp-page\" data-elementor-id=\"698\" class=\"elementor elementor-698\" data-elementor-post-type=\"page\">\n\t\t\t\t\t\t<section class=\"elementor-section elementor-top-section elementor-element elementor-element-4c96fc8 elementor-section-height-min-height elementor-section-items-top elementor-section-content-top elementor-section-full_width elementor-section-height-default\" data-id=\"4c96fc8\" data-element_type=\"section\" data-settings=\"{&quot;background_background&quot;:&quot;classic&quot;,&quot;animation&quot;:&quot;none&quot;}\">\n\t\t\t\t\t\t\t<div class=\"elementor-background-overlay\"><\/div>\n\t\t\t\t\t\t\t<div class=\"elementor-container elementor-column-gap-no\">\n\t\t\t\t\t<div class=\"elementor-column elementor-col-100 elementor-top-column elementor-element elementor-element-fedfa2c\" data-id=\"fedfa2c\" data-element_type=\"column\">\n\t\t\t<div class=\"elementor-widget-wrap elementor-element-populated\">\n\t\t\t\t\t\t<section class=\"elementor-section elementor-inner-section elementor-element elementor-element-7b579f1 elementor-section-height-min-height elementor-section-boxed elementor-section-height-default\" data-id=\"7b579f1\" data-element_type=\"section\" data-settings=\"{&quot;animation&quot;:&quot;none&quot;,&quot;animation_delay&quot;:100,&quot;background_background&quot;:&quot;classic&quot;}\">\n\t\t\t\t\t\t\t<div class=\"elementor-background-overlay\"><\/div>\n\t\t\t\t\t\t\t<div class=\"elementor-container elementor-column-gap-default\">\n\t\t\t\t\t<div class=\"elementor-column elementor-col-100 elementor-inner-column elementor-element elementor-element-b1fcc15\" data-id=\"b1fcc15\" data-element_type=\"column\">\n\t\t\t<div class=\"elementor-widget-wrap elementor-element-populated\">\n\t\t\t\t\t\t<div class=\"elementor-element elementor-element-144bfa7 elementor-widget elementor-widget-image\" data-id=\"144bfa7\" data-element_type=\"widget\" data-widget_type=\"image.default\">\n\t\t\t\t<div class=\"elementor-widget-container\">\n\t\t\t\t\t\t\t\t\t\t\t\t\t\t\t<img fetchpriority=\"high\" decoding=\"async\" width=\"2048\" height=\"1195\" src=\"https:\/\/www.gbvempreendimentos.com.br\/es\/wp-content\/uploads\/2025\/06\/LOGO-NYON-RESIDENCE-2048x1195.png\" class=\"attachment-2048x2048 size-2048x2048 wp-image-2335\" alt=\"\" srcset=\"https:\/\/www.gbvempreendimentos.com.br\/es\/wp-content\/uploads\/2025\/06\/LOGO-NYON-RESIDENCE-2048x1195.png 2048w, https:\/\/www.gbvempreendimentos.com.br\/es\/wp-content\/uploads\/2025\/06\/LOGO-NYON-RESIDENCE-300x175.png 300w, https:\/\/www.gbvempreendimentos.com.br\/es\/wp-content\/uploads\/2025\/06\/LOGO-NYON-RESIDENCE-1024x597.png 1024w, https:\/\/www.gbvempreendimentos.com.br\/es\/wp-content\/uploads\/2025\/06\/LOGO-NYON-RESIDENCE-768x448.png 768w, https:\/\/www.gbvempreendimentos.com.br\/es\/wp-content\/uploads\/2025\/06\/LOGO-NYON-RESIDENCE-1536x896.png 1536w\" sizes=\"(max-width: 2048px) 100vw, 2048px\" \/>\t\t\t\t\t\t\t\t\t\t\t\t\t\t\t<\/div>\n\t\t\t\t<\/div>\n\t\t\t\t<div class=\"elementor-element elementor-element-d0c3071 elementor-align-center elementor-widget elementor-widget-button\" data-id=\"d0c3071\" data-element_type=\"widget\" data-widget_type=\"button.default\">\n\t\t\t\t<div class=\"elementor-widget-container\">\n\t\t\t\t\t\t\t\t\t<div class=\"elementor-button-wrapper\">\n\t\t\t\t\t<a class=\"elementor-button elementor-size-sm\" role=\"button\">\n\t\t\t\t\t\t<span class=\"elementor-button-content-wrapper\">\n\t\t\t\t\t\t\t\t\t<span class=\"elementor-button-text\">GRAMADO\/RS<\/span>\n\t\t\t\t\t<\/span>\n\t\t\t\t\t<\/a>\n\t\t\t\t<\/div>\n\t\t\t\t\t\t\t\t<\/div>\n\t\t\t\t<\/div>\n\t\t\t\t<div class=\"elementor-element elementor-element-c7f55cb elementor-widget elementor-widget-heading\" data-id=\"c7f55cb\" data-element_type=\"widget\" data-widget_type=\"heading.default\">\n\t\t\t\t<div class=\"elementor-widget-container\">\n\t\t\t\t\t<h2 class=\"elementor-heading-title elementor-size-default\">En construcci\u00f3n<\/h2>\t\t\t\t<\/div>\n\t\t\t\t<\/div>\n\t\t\t\t\t<\/div>\n\t\t<\/div>\n\t\t\t\t\t<\/div>\n\t\t<\/section>\n\t\t\t\t\t<\/div>\n\t\t<\/div>\n\t\t\t\t\t<\/div>\n\t\t<\/section>\n\t\t\t\t<section class=\"elementor-section elementor-top-section elementor-element elementor-element-dbe5d38 elementor-section-height-min-height elementor-section-boxed elementor-section-height-default elementor-section-items-middle\" data-id=\"dbe5d38\" data-element_type=\"section\" data-settings=\"{&quot;background_background&quot;:&quot;classic&quot;}\">\n\t\t\t\t\t\t<div class=\"elementor-container elementor-column-gap-default\">\n\t\t\t\t\t<div class=\"elementor-column elementor-col-50 elementor-top-column elementor-element elementor-element-daaf652\" data-id=\"daaf652\" data-element_type=\"column\">\n\t\t\t<div class=\"elementor-widget-wrap elementor-element-populated\">\n\t\t\t\t\t\t<div class=\"elementor-element elementor-element-474db7d elementor-widget elementor-widget-heading\" data-id=\"474db7d\" data-element_type=\"widget\" data-widget_type=\"heading.default\">\n\t\t\t\t<div class=\"elementor-widget-container\">\n\t\t\t\t\t<h2 class=\"elementor-heading-title elementor-size-default\">NYON RESIDENCE<\/h2>\t\t\t\t<\/div>\n\t\t\t\t<\/div>\n\t\t\t\t<div class=\"elementor-element elementor-element-f8cca1a elementor-widget-divider--view-line elementor-widget elementor-widget-divider\" data-id=\"f8cca1a\" data-element_type=\"widget\" data-widget_type=\"divider.default\">\n\t\t\t\t<div class=\"elementor-widget-container\">\n\t\t\t\t\t\t\t<div class=\"elementor-divider\">\n\t\t\t<span class=\"elementor-divider-separator\">\n\t\t\t\t\t\t<\/span>\n\t\t<\/div>\n\t\t\t\t\t\t<\/div>\n\t\t\t\t<\/div>\n\t\t\t\t<div class=\"elementor-element elementor-element-16bb85c elementor-widget elementor-widget-heading\" data-id=\"16bb85c\" data-element_type=\"widget\" data-widget_type=\"heading.default\">\n\t\t\t\t<div class=\"elementor-widget-container\">\n\t\t\t\t\t<h2 class=\"elementor-heading-title elementor-size-default\">GRAMADO\/SC<\/h2>\t\t\t\t<\/div>\n\t\t\t\t<\/div>\n\t\t\t\t\t<\/div>\n\t\t<\/div>\n\t\t\t\t<div class=\"elementor-column elementor-col-50 elementor-top-column elementor-element elementor-element-b049ddb\" data-id=\"b049ddb\" data-element_type=\"column\">\n\t\t\t<div class=\"elementor-widget-wrap elementor-element-populated\">\n\t\t\t\t\t\t<div class=\"elementor-element elementor-element-69a3cf5 elementor-widget elementor-widget-text-editor\" data-id=\"69a3cf5\" data-element_type=\"widget\" data-widget_type=\"text-editor.default\">\n\t\t\t\t<div class=\"elementor-widget-container\">\n\t\t\t\t\t\t\t\t\t<p>GBV Empreendimentos tiene el orgullo de presentar su m\u00e1s nuevo proyecto en Gramado, RS, una ciudad que irradia encanto y sofisticaci\u00f3n. Inspirado en la imponente arquitectura europea y en las caracter\u00edsticas \u00fanicas de la Serra Ga\u00facha, este emprendimiento combina lujo y refinamiento con un dise\u00f1o pensado para deslumbrar.<\/p><p>Con una atenci\u00f3n impecable a los detalles y espacios proyectados para ofrecer confort y exclusividad, este lanzamiento es la elecci\u00f3n ideal para quienes buscan un estilo de vida sofisticado en uno de los destinos m\u00e1s deseados de Brasil.<br \/>Una verdadera obra maestra en el coraz\u00f3n de Gramado.<\/p>\t\t\t\t\t\t\t\t<\/div>\n\t\t\t\t<\/div>\n\t\t\t\t\t<\/div>\n\t\t<\/div>\n\t\t\t\t\t<\/div>\n\t\t<\/section>\n\t\t\t\t<section class=\"elementor-section elementor-top-section elementor-element elementor-element-6dba909 elementor-section-full_width elementor-section-height-default elementor-section-height-default\" data-id=\"6dba909\" data-element_type=\"section\">\n\t\t\t\t\t\t<div class=\"elementor-container elementor-column-gap-no\">\n\t\t\t\t\t<div class=\"elementor-column elementor-col-100 elementor-top-column elementor-element elementor-element-c0f11d8\" data-id=\"c0f11d8\" data-element_type=\"column\">\n\t\t\t<div class=\"elementor-widget-wrap elementor-element-populated\">\n\t\t\t\t\t\t<div class=\"elementor-element elementor-element-2aef4f0 elementor-arrows-position-inside elementor-widget elementor-widget-image-carousel\" data-id=\"2aef4f0\" data-element_type=\"widget\" data-settings=\"{&quot;slides_to_show&quot;:&quot;4&quot;,&quot;slides_to_show_mobile&quot;:&quot;2&quot;,&quot;navigation&quot;:&quot;arrows&quot;,&quot;autoplay&quot;:&quot;yes&quot;,&quot;pause_on_hover&quot;:&quot;yes&quot;,&quot;pause_on_interaction&quot;:&quot;yes&quot;,&quot;autoplay_speed&quot;:5000,&quot;infinite&quot;:&quot;yes&quot;,&quot;speed&quot;:500}\" data-widget_type=\"image-carousel.default\">\n\t\t\t\t<div class=\"elementor-widget-container\">\n\t\t\t\t\t\t\t<div class=\"elementor-image-carousel-wrapper swiper\" role=\"region\" aria-roledescription=\"carousel\" aria-label=\"Carrossel de imagens\" dir=\"ltr\">\n\t\t\t<div class=\"elementor-image-carousel swiper-wrapper swiper-image-stretch\" aria-live=\"off\">\n\t\t\t\t\t\t\t\t<div class=\"swiper-slide\" role=\"group\" aria-roledescription=\"slide\" aria-label=\"1 de 5\"><a data-elementor-open-lightbox=\"yes\" data-elementor-lightbox-slideshow=\"2aef4f0\" data-elementor-lightbox-title=\"Fachada\" data-e-action-hash=\"#elementor-action%3Aaction%3Dlightbox%26settings%3DeyJpZCI6MjE2NywidXJsIjoiaHR0cHM6XC9cL3d3dy5nYnZlbXByZWVuZGltZW50b3MuY29tLmJyXC9lc1wvd3AtY29udGVudFwvdXBsb2Fkc1wvMjAyNVwvMDRcL0V4dGVybmEtRGl1cm5hLUEtMDEtc2NhbGVkLmpwZyIsInNsaWRlc2hvdyI6IjJhZWY0ZjAifQ%3D%3D\" href=\"https:\/\/www.gbvempreendimentos.com.br\/es\/wp-content\/uploads\/2025\/04\/Externa-Diurna-A-01-scaled.jpg\"><figure class=\"swiper-slide-inner\"><img decoding=\"async\" class=\"swiper-slide-image\" src=\"https:\/\/www.gbvempreendimentos.com.br\/es\/wp-content\/uploads\/elementor\/thumbs\/Externa-Diurna-A-01-scaled-r54i40amvyy0jucbxvgeed48533xji3qf3bzs0avqw.jpg\" alt=\"Fachada\" \/><\/figure><\/a><\/div><div class=\"swiper-slide\" role=\"group\" aria-roledescription=\"slide\" aria-label=\"2 de 5\"><a data-elementor-open-lightbox=\"yes\" data-elementor-lightbox-slideshow=\"2aef4f0\" data-elementor-lightbox-title=\"Fachada Noturna\" data-e-action-hash=\"#elementor-action%3Aaction%3Dlightbox%26settings%3DeyJpZCI6MjE2OCwidXJsIjoiaHR0cHM6XC9cL3d3dy5nYnZlbXByZWVuZGltZW50b3MuY29tLmJyXC9lc1wvd3AtY29udGVudFwvdXBsb2Fkc1wvMjAyNVwvMDRcL0V4dGVybmEtTm90dXJuYS1BLTAxLXNjYWxlZC5qcGciLCJzbGlkZXNob3ciOiIyYWVmNGYwIn0%3D\" href=\"https:\/\/www.gbvempreendimentos.com.br\/es\/wp-content\/uploads\/2025\/04\/Externa-Noturna-A-01-scaled.jpg\"><figure class=\"swiper-slide-inner\"><img decoding=\"async\" class=\"swiper-slide-image\" src=\"https:\/\/www.gbvempreendimentos.com.br\/es\/wp-content\/uploads\/elementor\/thumbs\/Externa-Noturna-A-01-scaled-r54i48r6lh9lgc01kh41iszdhjy8gs1bg97d3hyc6w.jpg\" alt=\"Fachada Noturna\" \/><\/figure><\/a><\/div><div class=\"swiper-slide\" role=\"group\" aria-roledescription=\"slide\" aria-label=\"3 de 5\"><a data-elementor-open-lightbox=\"yes\" data-elementor-lightbox-slideshow=\"2aef4f0\" data-elementor-lightbox-title=\"Hall\" data-e-action-hash=\"#elementor-action%3Aaction%3Dlightbox%26settings%3DeyJpZCI6MjE2OSwidXJsIjoiaHR0cHM6XC9cL3d3dy5nYnZlbXByZWVuZGltZW50b3MuY29tLmJyXC9lc1wvd3AtY29udGVudFwvdXBsb2Fkc1wvMjAyNVwvMDRcL0hhbGwtQS0wMS0xLXNjYWxlZC5qcGciLCJzbGlkZXNob3ciOiIyYWVmNGYwIn0%3D\" href=\"https:\/\/www.gbvempreendimentos.com.br\/es\/wp-content\/uploads\/2025\/04\/Hall-A-01-1-scaled.jpg\"><figure class=\"swiper-slide-inner\"><img decoding=\"async\" class=\"swiper-slide-image\" src=\"https:\/\/www.gbvempreendimentos.com.br\/es\/wp-content\/uploads\/elementor\/thumbs\/Hall-A-01-1-scaled-r54i4h7qazl6ctnr72ron8uiu0sje1ywhf2qezlsmw.jpg\" alt=\"Hall\" \/><\/figure><\/a><\/div><div class=\"swiper-slide\" role=\"group\" aria-roledescription=\"slide\" aria-label=\"4 de 5\"><a data-elementor-open-lightbox=\"yes\" data-elementor-lightbox-slideshow=\"2aef4f0\" data-elementor-lightbox-title=\"Living Tipo\" data-e-action-hash=\"#elementor-action%3Aaction%3Dlightbox%26settings%3DeyJpZCI6MjE3MCwidXJsIjoiaHR0cHM6XC9cL3d3dy5nYnZlbXByZWVuZGltZW50b3MuY29tLmJyXC9lc1wvd3AtY29udGVudFwvdXBsb2Fkc1wvMjAyNVwvMDRcL0xpdmluZy1BLTAyLXNjYWxlZC5qcGciLCJzbGlkZXNob3ciOiIyYWVmNGYwIn0%3D\" href=\"https:\/\/www.gbvempreendimentos.com.br\/es\/wp-content\/uploads\/2025\/04\/Living-A-02-scaled.jpg\"><figure class=\"swiper-slide-inner\"><img decoding=\"async\" class=\"swiper-slide-image\" src=\"https:\/\/www.gbvempreendimentos.com.br\/es\/wp-content\/uploads\/elementor\/thumbs\/Living-A-02-scaled-r54i4nslmtu6m3e74nm2mp6qzpw3vxp0ubn4rxc1fc.jpg\" alt=\"Living Tipo\" \/><\/figure><\/a><\/div><div class=\"swiper-slide\" role=\"group\" aria-roledescription=\"slide\" aria-label=\"5 de 5\"><a data-elementor-open-lightbox=\"yes\" data-elementor-lightbox-slideshow=\"2aef4f0\" data-elementor-lightbox-title=\"Su\u00edte Tipo\" data-e-action-hash=\"#elementor-action%3Aaction%3Dlightbox%26settings%3DeyJpZCI6MjE3MSwidXJsIjoiaHR0cHM6XC9cL3d3dy5nYnZlbXByZWVuZGltZW50b3MuY29tLmJyXC9lc1wvd3AtY29udGVudFwvdXBsb2Fkc1wvMjAyNVwvMDRcL1N1aXRlLUEtMDEtc2NhbGVkLmpwZyIsInNsaWRlc2hvdyI6IjJhZWY0ZjAifQ%3D%3D\" href=\"https:\/\/www.gbvempreendimentos.com.br\/es\/wp-content\/uploads\/2025\/04\/Suite-A-01-scaled.jpg\"><figure class=\"swiper-slide-inner\"><img decoding=\"async\" class=\"swiper-slide-image\" src=\"https:\/\/www.gbvempreendimentos.com.br\/es\/wp-content\/uploads\/elementor\/thumbs\/Suite-A-01-scaled-r54i4tfmru1wjr607q1u1nrik14b64bev3k1nl3oe0.jpg\" alt=\"Su\u00edte Tipo\" \/><\/figure><\/a><\/div>\t\t\t<\/div>\n\t\t\t\t\t\t\t\t\t\t\t\t<div class=\"elementor-swiper-button elementor-swiper-button-prev\" role=\"button\" tabindex=\"0\">\n\t\t\t\t\t\t<i aria-hidden=\"true\" class=\"eicon-chevron-left\"><\/i>\t\t\t\t\t<\/div>\n\t\t\t\t\t<div class=\"elementor-swiper-button elementor-swiper-button-next\" role=\"button\" tabindex=\"0\">\n\t\t\t\t\t\t<i aria-hidden=\"true\" class=\"eicon-chevron-right\"><\/i>\t\t\t\t\t<\/div>\n\t\t\t\t\n\t\t\t\t\t\t\t\t\t<\/div>\n\t\t\t\t\t\t<\/div>\n\t\t\t\t<\/div>\n\t\t\t\t\t<\/div>\n\t\t<\/div>\n\t\t\t\t\t<\/div>\n\t\t<\/section>\n\t\t\t\t<section class=\"elementor-section elementor-top-section elementor-element elementor-element-6c4995b elementor-section-boxed elementor-section-height-default elementor-section-height-default\" data-id=\"6c4995b\" data-element_type=\"section\" data-settings=\"{&quot;background_background&quot;:&quot;classic&quot;}\">\n\t\t\t\t\t\t<div class=\"elementor-container elementor-column-gap-default\">\n\t\t\t\t\t<div class=\"elementor-column elementor-col-100 elementor-top-column elementor-element elementor-element-29a95f2\" data-id=\"29a95f2\" data-element_type=\"column\">\n\t\t\t<div class=\"elementor-widget-wrap elementor-element-populated\">\n\t\t\t\t\t\t<div class=\"elementor-element elementor-element-cafe991 elementor-widget elementor-widget-heading\" data-id=\"cafe991\" data-element_type=\"widget\" data-widget_type=\"heading.default\">\n\t\t\t\t<div class=\"elementor-widget-container\">\n\t\t\t\t\t<h2 class=\"elementor-heading-title elementor-size-default\">Caracter\u00edsticas<\/h2>\t\t\t\t<\/div>\n\t\t\t\t<\/div>\n\t\t\t\t\t<\/div>\n\t\t<\/div>\n\t\t\t\t\t<\/div>\n\t\t<\/section>\n\t\t\t\t<section class=\"elementor-section elementor-top-section elementor-element elementor-element-7659234 elementor-section-boxed elementor-section-height-default elementor-section-height-default\" data-id=\"7659234\" data-element_type=\"section\" data-settings=\"{&quot;background_background&quot;:&quot;classic&quot;}\">\n\t\t\t\t\t\t<div class=\"elementor-container elementor-column-gap-default\">\n\t\t\t\t\t<div class=\"elementor-column elementor-col-33 elementor-top-column elementor-element elementor-element-334b07f\" data-id=\"334b07f\" data-element_type=\"column\" data-settings=\"{&quot;background_background&quot;:&quot;classic&quot;}\">\n\t\t\t<div class=\"elementor-widget-wrap elementor-element-populated\">\n\t\t\t\t\t\t<div class=\"elementor-element elementor-element-0325082 elementor-widget elementor-widget-heading\" data-id=\"0325082\" data-element_type=\"widget\" data-widget_type=\"heading.default\">\n\t\t\t\t<div class=\"elementor-widget-container\">\n\t\t\t\t\t<h2 class=\"elementor-heading-title elementor-size-default\">Acabado de alto est\u00e1ndar<\/h2>\t\t\t\t<\/div>\n\t\t\t\t<\/div>\n\t\t\t\t<div class=\"elementor-element elementor-element-3721b80 elementor-widget elementor-widget-text-editor\" data-id=\"3721b80\" data-element_type=\"widget\" data-widget_type=\"text-editor.default\">\n\t\t\t\t<div class=\"elementor-widget-container\">\n\t\t\t\t\t\t\t\t\t<p>Calidad impecable, materiales nobles y atenci\u00f3n a cada detalle.<\/p>\t\t\t\t\t\t\t\t<\/div>\n\t\t\t\t<\/div>\n\t\t\t\t\t<\/div>\n\t\t<\/div>\n\t\t\t\t<div class=\"elementor-column elementor-col-33 elementor-top-column elementor-element elementor-element-6120233\" data-id=\"6120233\" data-element_type=\"column\" data-settings=\"{&quot;background_background&quot;:&quot;classic&quot;}\">\n\t\t\t<div class=\"elementor-widget-wrap elementor-element-populated\">\n\t\t\t\t\t\t<div class=\"elementor-element elementor-element-413e37a elementor-widget elementor-widget-heading\" data-id=\"413e37a\" data-element_type=\"widget\" data-widget_type=\"heading.default\">\n\t\t\t\t<div class=\"elementor-widget-container\">\n\t\t\t\t\t<h2 class=\"elementor-heading-title elementor-size-default\">Dise\u00f1o sofisticado<\/h2>\t\t\t\t<\/div>\n\t\t\t\t<\/div>\n\t\t\t\t<div class=\"elementor-element elementor-element-0d2dcfe elementor-widget elementor-widget-text-editor\" data-id=\"0d2dcfe\" data-element_type=\"widget\" data-widget_type=\"text-editor.default\">\n\t\t\t\t<div class=\"elementor-widget-container\">\n\t\t\t\t\t\t\t\t\t<p>Elegancia en cada l\u00ednea, armon\u00eda en los espacios y un estilo que transforma el ambiente.<\/p>\t\t\t\t\t\t\t\t<\/div>\n\t\t\t\t<\/div>\n\t\t\t\t\t<\/div>\n\t\t<\/div>\n\t\t\t\t<div class=\"elementor-column elementor-col-33 elementor-top-column elementor-element elementor-element-e050bc1\" data-id=\"e050bc1\" data-element_type=\"column\" data-settings=\"{&quot;background_background&quot;:&quot;classic&quot;}\">\n\t\t\t<div class=\"elementor-widget-wrap elementor-element-populated\">\n\t\t\t\t\t\t<div class=\"elementor-element elementor-element-45c1893 elementor-widget elementor-widget-heading\" data-id=\"45c1893\" data-element_type=\"widget\" data-widget_type=\"heading.default\">\n\t\t\t\t<div class=\"elementor-widget-container\">\n\t\t\t\t\t<h2 class=\"elementor-heading-title elementor-size-default\">Ubicaci\u00f3n privilegiada<\/h2>\t\t\t\t<\/div>\n\t\t\t\t<\/div>\n\t\t\t\t<div class=\"elementor-element elementor-element-b538006 elementor-widget elementor-widget-text-editor\" data-id=\"b538006\" data-element_type=\"widget\" data-widget_type=\"text-editor.default\">\n\t\t\t\t<div class=\"elementor-widget-container\">\n\t\t\t\t\t\t\t\t\t<p>En el coraz\u00f3n de una zona muy deseada, cercana a los mejores servicios, gastronom\u00eda y atracciones.<\/p>\t\t\t\t\t\t\t\t<\/div>\n\t\t\t\t<\/div>\n\t\t\t\t\t<\/div>\n\t\t<\/div>\n\t\t\t\t\t<\/div>\n\t\t<\/section>\n\t\t\t\t<section class=\"elementor-section elementor-top-section elementor-element elementor-element-4d5c331 elementor-section-height-min-height elementor-section-boxed elementor-section-height-default elementor-section-items-middle\" data-id=\"4d5c331\" data-element_type=\"section\" data-settings=\"{&quot;background_background&quot;:&quot;classic&quot;}\">\n\t\t\t\t\t\t\t<div class=\"elementor-background-overlay\"><\/div>\n\t\t\t\t\t\t\t<div class=\"elementor-container elementor-column-gap-default\">\n\t\t\t\t\t<div class=\"elementor-column elementor-col-100 elementor-top-column elementor-element elementor-element-52ca916\" data-id=\"52ca916\" data-element_type=\"column\">\n\t\t\t<div class=\"elementor-widget-wrap\">\n\t\t\t\t\t\t\t<\/div>\n\t\t<\/div>\n\t\t\t\t\t<\/div>\n\t\t<\/section>\n\t\t\t\t<section class=\"elementor-section elementor-top-section elementor-element elementor-element-7092ee6 elementor-section-boxed elementor-section-height-default elementor-section-height-default\" data-id=\"7092ee6\" data-element_type=\"section\">\n\t\t\t\t\t\t<div class=\"elementor-container elementor-column-gap-default\">\n\t\t\t\t\t<div class=\"elementor-column elementor-col-100 elementor-top-column elementor-element elementor-element-6e39a5d\" data-id=\"6e39a5d\" data-element_type=\"column\">\n\t\t\t<div class=\"elementor-widget-wrap elementor-element-populated\">\n\t\t\t\t\t\t<div class=\"elementor-element elementor-element-a7ee3a6 elementor-widget elementor-widget-text-editor\" data-id=\"a7ee3a6\" data-element_type=\"widget\" data-widget_type=\"text-editor.default\">\n\t\t\t\t<div class=\"elementor-widget-container\">\n\t\t\t\t\t\t\t\t\t<p>Adem\u00e1s de su inspiraci\u00f3n europea, el nuevo emprendimiento de <strong>GBV Empreendimentos<\/strong> expresa la esencia de Gramado en cada detalle. Desde los acabados primorosos hasta los espacios cuidadosamente planificados, cada ambiente refleja el equilibrio entre elegancia y funcionalidad.<\/p><p>Ubicado en una de las zonas m\u00e1s privilegiadas de la ciudad, el proyecto ofrece una infraestructura completa, con \u00e1reas de convivencia, espacios de ocio sofisticados e integraci\u00f3n con la exuberante naturaleza de la Serra Ga\u00facha.<br \/>Un lugar pensado para proporcionar experiencias \u00fanicas, uniendo el encanto de Gramado con la exclusividad de un verdadero refugio de lujo.<\/p>\t\t\t\t\t\t\t\t<\/div>\n\t\t\t\t<\/div>\n\t\t\t\t\t<\/div>\n\t\t<\/div>\n\t\t\t\t\t<\/div>\n\t\t<\/section>\n\t\t\t\t<section class=\"elementor-section elementor-top-section elementor-element elementor-element-14a64f9 elementor-section-boxed elementor-section-height-default elementor-section-height-default\" data-id=\"14a64f9\" data-element_type=\"section\">\n\t\t\t\t\t\t<div class=\"elementor-container elementor-column-gap-default\">\n\t\t\t\t\t<div class=\"elementor-column elementor-col-100 elementor-top-column elementor-element elementor-element-e898c33\" data-id=\"e898c33\" data-element_type=\"column\">\n\t\t\t<div class=\"elementor-widget-wrap\">\n\t\t\t\t\t\t\t<\/div>\n\t\t<\/div>\n\t\t\t\t\t<\/div>\n\t\t<\/section>\n\t\t\t\t<\/div>\n\t\t","protected":false},"excerpt":{"rendered":"<p>Excelente padr\u00e3o construtivo, com qualidade em acabamentos e \u00e1reas luxuosas de lazer, em regi\u00f5es de alta valoriza\u00e7\u00e3o em Santa Catarina e Rio Grande do Sul.<\/p>\n","protected":false},"author":4,"featured_media":14,"parent":0,"menu_order":11,"comment_status":"closed","ping_status":"closed","template":"elementor_header_footer","meta":{"footnotes":""},"class_list":["post-698","page","type-page","status-publish","has-post-thumbnail","hentry"],"_links":{"self":[{"href":"https:\/\/www.gbvempreendimentos.com.br\/es\/wp-json\/wp\/v2\/pages\/698","targetHints":{"allow":["GET"]}}],"collection":[{"href":"https:\/\/www.gbvempreendimentos.com.br\/es\/wp-json\/wp\/v2\/pages"}],"about":[{"href":"https:\/\/www.gbvempreendimentos.com.br\/es\/wp-json\/wp\/v2\/types\/page"}],"author":[{"embeddable":true,"href":"https:\/\/www.gbvempreendimentos.com.br\/es\/wp-json\/wp\/v2\/users\/4"}],"replies":[{"embeddable":true,"href":"https:\/\/www.gbvempreendimentos.com.br\/es\/wp-json\/wp\/v2\/comments?post=698"}],"version-history":[{"count":4,"href":"https:\/\/www.gbvempreendimentos.com.br\/es\/wp-json\/wp\/v2\/pages\/698\/revisions"}],"predecessor-version":[{"id":2967,"href":"https:\/\/www.gbvempreendimentos.com.br\/es\/wp-json\/wp\/v2\/pages\/698\/revisions\/2967"}],"wp:featuredmedia":[{"embeddable":true,"href":"https:\/\/www.gbvempreendimentos.com.br\/es\/wp-json\/wp\/v2\/media\/14"}],"wp:attachment":[{"href":"https:\/\/www.gbvempreendimentos.com.br\/es\/wp-json\/wp\/v2\/media?parent=698"}],"curies":[{"name":"wp","href":"https:\/\/api.w.org\/{rel}","templated":true}]}}