{"id":1566,"date":"2025-01-28T14:16:31","date_gmt":"2025-01-28T14:16:31","guid":{"rendered":"https:\/\/site.gbvempreendimentos.com.br\/?page_id=1566"},"modified":"2025-11-22T16:23:07","modified_gmt":"2025-11-22T20:23:07","slug":"registro-de-proveedores","status":"publish","type":"page","link":"https:\/\/www.gbvempreendimentos.com.br\/es\/registro-de-proveedores\/","title":{"rendered":"Registro de proveedores"},"content":{"rendered":"\t\t<div data-elementor-type=\"wp-page\" data-elementor-id=\"1566\" class=\"elementor elementor-1566\" data-elementor-post-type=\"page\">\n\t\t\t\t\t\t<section class=\"elementor-section elementor-top-section elementor-element elementor-element-6b5803a elementor-section-boxed elementor-section-height-default elementor-section-height-default\" data-id=\"6b5803a\" data-element_type=\"section\" data-settings=\"{&quot;background_background&quot;:&quot;classic&quot;}\">\n\t\t\t\t\t\t\t<div class=\"elementor-background-overlay\"><\/div>\n\t\t\t\t\t\t\t<div class=\"elementor-container elementor-column-gap-default\">\n\t\t\t\t\t<div class=\"elementor-column elementor-col-100 elementor-top-column elementor-element elementor-element-3cb0781\" data-id=\"3cb0781\" data-element_type=\"column\">\n\t\t\t<div class=\"elementor-widget-wrap elementor-element-populated\">\n\t\t\t\t\t\t<div class=\"elementor-element elementor-element-0a25423 elementor-widget elementor-widget-heading\" data-id=\"0a25423\" data-element_type=\"widget\" data-widget_type=\"heading.default\">\n\t\t\t\t<div class=\"elementor-widget-container\">\n\t\t\t\t\t<h2 class=\"elementor-heading-title elementor-size-default\">\u00a1S\u00e9 un Socio, Proveedor o Prestador de<br> Servicios de GBV Emprendimientos!<\/h2>\t\t\t\t<\/div>\n\t\t\t\t<\/div>\n\t\t\t\t<div class=\"elementor-element elementor-element-dda39a0 elementor-widget elementor-widget-text-editor\" data-id=\"dda39a0\" data-element_type=\"widget\" data-widget_type=\"text-editor.default\">\n\t\t\t\t<div class=\"elementor-widget-container\">\n\t\t\t\t\t\t\t\t\t<p>GBV Emprendimientos es una referencia en construcci\u00f3n e incorporaci\u00f3n, llevando innovaci\u00f3n, calidad y excelencia a cada proyecto. Si sos prestador de servicios en el \u00e1rea de la construcci\u00f3n civil, \u00a1esta es tu oportunidad de formar parte de nuestro equipo de socios!<\/p><p><strong>Complet\u00e1 los campos a continuaci\u00f3n y ven\u00ed a trabajar con nosotros:<\/strong><\/p>\t\t\t\t\t\t\t\t<\/div>\n\t\t\t\t<\/div>\n\t\t\t\t<section class=\"elementor-section elementor-inner-section elementor-element elementor-element-47c76a4 elementor-section-boxed elementor-section-height-default elementor-section-height-default\" data-id=\"47c76a4\" data-element_type=\"section\" data-settings=\"{&quot;background_background&quot;:&quot;classic&quot;}\">\n\t\t\t\t\t\t<div class=\"elementor-container elementor-column-gap-default\">\n\t\t\t\t\t<div class=\"elementor-column elementor-col-100 elementor-inner-column elementor-element elementor-element-ae126ae\" data-id=\"ae126ae\" data-element_type=\"column\">\n\t\t\t<div class=\"elementor-widget-wrap elementor-element-populated\">\n\t\t\t\t\t\t<div class=\"elementor-element elementor-element-f986aa7 elementor-widget elementor-widget-wpforms\" data-id=\"f986aa7\" data-element_type=\"widget\" data-widget_type=\"wpforms.default\">\n\t\t\t\t<div class=\"elementor-widget-container\">\n\t\t\t\t\t<style id=\"wpforms-css-vars-root\">\n\t\t\t\t:root {\n\t\t\t\t\t--wpforms-field-border-radius: 3px;\n--wpforms-field-border-style: solid;\n--wpforms-field-border-size: 1px;\n--wpforms-field-background-color: #ffffff;\n--wpforms-field-border-color: rgba( 0, 0, 0, 0.25 );\n--wpforms-field-border-color-spare: rgba( 0, 0, 0, 0.25 );\n--wpforms-field-text-color: rgba( 0, 0, 0, 0.7 );\n--wpforms-field-menu-color: #ffffff;\n--wpforms-label-color: rgba( 0, 0, 0, 0.85 );\n--wpforms-label-sublabel-color: rgba( 0, 0, 0, 0.55 );\n--wpforms-label-error-color: #d63637;\n--wpforms-button-border-radius: 3px;\n--wpforms-button-border-style: none;\n--wpforms-button-border-size: 1px;\n--wpforms-button-background-color: #066aab;\n--wpforms-button-border-color: #066aab;\n--wpforms-button-text-color: #ffffff;\n--wpforms-page-break-color: #066aab;\n--wpforms-background-image: none;\n--wpforms-background-position: center center;\n--wpforms-background-repeat: no-repeat;\n--wpforms-background-size: cover;\n--wpforms-background-width: 100px;\n--wpforms-background-height: 100px;\n--wpforms-background-color: rgba( 0, 0, 0, 0 );\n--wpforms-background-url: none;\n--wpforms-container-padding: 0px;\n--wpforms-container-border-style: none;\n--wpforms-container-border-width: 1px;\n--wpforms-container-border-color: #000000;\n--wpforms-container-border-radius: 3px;\n--wpforms-field-size-input-height: 43px;\n--wpforms-field-size-input-spacing: 15px;\n--wpforms-field-size-font-size: 16px;\n--wpforms-field-size-line-height: 19px;\n--wpforms-field-size-padding-h: 14px;\n--wpforms-field-size-checkbox-size: 16px;\n--wpforms-field-size-sublabel-spacing: 5px;\n--wpforms-field-size-icon-size: 1;\n--wpforms-label-size-font-size: 16px;\n--wpforms-label-size-line-height: 19px;\n--wpforms-label-size-sublabel-font-size: 14px;\n--wpforms-label-size-sublabel-line-height: 17px;\n--wpforms-button-size-font-size: 17px;\n--wpforms-button-size-height: 41px;\n--wpforms-button-size-padding-h: 15px;\n--wpforms-button-size-margin-top: 10px;\n--wpforms-container-shadow-size-box-shadow: none;\n\n\t\t\t\t}\n\t\t\t<\/style><style id=\"wpforms-css-vars-elementor-widget-f986aa7\">\n\t\t\t\t.elementor-widget-wpforms.elementor-element-f986aa7 {\n\t\t\t\t\t--wpforms-field-border-radius: 0px;\n--wpforms-field-size-input-height: 43px;\n--wpforms-field-size-input-spacing: 15px;\n--wpforms-field-size-font-size: 16px;\n--wpforms-field-size-line-height: 19px;\n--wpforms-field-size-padding-h: 14px;\n--wpforms-field-size-checkbox-size: 16px;\n--wpforms-field-size-sublabel-spacing: 5px;\n--wpforms-field-size-icon-size: 1;\n--wpforms-label-size-font-size: 16px;\n--wpforms-label-size-line-height: 19px;\n--wpforms-label-size-sublabel-font-size: 14px;\n--wpforms-label-size-sublabel-line-height: 17px;\n--wpforms-button-size-font-size: 17px;\n--wpforms-button-size-height: 41px;\n--wpforms-button-size-padding-h: 15px;\n--wpforms-button-size-margin-top: 10px;\n\n\t\t\t\t}\n\t\t\t<\/style><div class=\"wpforms-container wpforms-container-full wpforms-render-modern\" id=\"wpforms-1576\"><form id=\"wpforms-form-1576\" class=\"wpforms-validate wpforms-form wpforms-ajax-form\" data-formid=\"1576\" method=\"post\" enctype=\"multipart\/form-data\" action=\"\/es\/wp-json\/wp\/v2\/pages\/1566\" data-token=\"6798938619c6e88d01c6a9576831a3e9\" data-token-time=\"1776588666\"><noscript class=\"wpforms-error-noscript\">Ative o JavaScript no seu navegador para preencher este formul\u00e1rio.<\/noscript><div class=\"wpforms-hidden\" id=\"wpforms-error-noscript\">Ative o JavaScript no seu navegador para preencher este formul\u00e1rio.<\/div><div class=\"wpforms-field-container\"><div id=\"wpforms-1576-field_2-container\" class=\"wpforms-field wpforms-field-text\" data-field-id=\"2\"><label class=\"wpforms-field-label\" for=\"wpforms-1576-field_2\">Empresa <span class=\"wpforms-required-label\" aria-hidden=\"true\">*<\/span><\/label><input type=\"text\" id=\"wpforms-1576-field_2\" class=\"wpforms-field-large wpforms-field-required\" name=\"wpforms[fields][2]\" aria-errormessage=\"wpforms-1576-field_2-error\" required><\/div><div id=\"wpforms-1576-field_4-container\" class=\"wpforms-field wpforms-field-text\" data-field-id=\"4\"><label class=\"wpforms-field-label\" for=\"wpforms-1576-field_4\">CNPJ <span class=\"wpforms-required-label\" aria-hidden=\"true\">*<\/span><\/label><input type=\"text\" id=\"wpforms-1576-field_4\" class=\"wpforms-field-large wpforms-field-required wpforms-masked-input\" data-rule-inputmask-incomplete=\"1\" data-inputmask-mask=\"##.###.###\/####-##\" name=\"wpforms[fields][4]\" aria-errormessage=\"wpforms-1576-field_4-error\" required><\/div><div id=\"wpforms-1576-field_1-container\" class=\"wpforms-field wpforms-field-name\" data-field-id=\"1\"><label class=\"wpforms-field-label\" for=\"wpforms-1576-field_1\">Nombre del responsable <span class=\"wpforms-required-label\" aria-hidden=\"true\">*<\/span><\/label><input type=\"text\" id=\"wpforms-1576-field_1\" class=\"wpforms-field-large wpforms-field-required\" name=\"wpforms[fields][1]\" aria-errormessage=\"wpforms-1576-field_1-error\" required><\/div><div id=\"wpforms-1576-field_5-container\" class=\"wpforms-field wpforms-field-phone\" data-field-id=\"5\"><label class=\"wpforms-field-label\" for=\"wpforms-1576-field_5\">Tel\u00e9fono<\/label><input type=\"tel\" id=\"wpforms-1576-field_5\" class=\"wpforms-field-large wpforms-smart-phone-field\" data-rule-smart-phone-field=\"true\" name=\"wpforms[fields][5]\" aria-label=\"Tel\u00e9fono\" aria-errormessage=\"wpforms-1576-field_5-error\" ><\/div><div id=\"wpforms-1576-field_6-container\" class=\"wpforms-field wpforms-field-email\" data-field-id=\"6\"><label class=\"wpforms-field-label\" for=\"wpforms-1576-field_6\">E-mail <span class=\"wpforms-required-label\" aria-hidden=\"true\">*<\/span><\/label><input type=\"email\" id=\"wpforms-1576-field_6\" class=\"wpforms-field-large wpforms-field-required\" name=\"wpforms[fields][6]\" spellcheck=\"false\" aria-errormessage=\"wpforms-1576-field_6-error\" required><\/div><div id=\"wpforms-1576-field_7-container\" class=\"wpforms-field wpforms-field-checkbox\" data-field-id=\"7\"><fieldset><legend class=\"wpforms-field-label\">Servicio <span class=\"wpforms-required-label\" aria-hidden=\"true\">*<\/span><\/legend><ul id=\"wpforms-1576-field_7\" class=\"wpforms-field-required\"><li class=\"choice-1 depth-1\"><input type=\"checkbox\" id=\"wpforms-1576-field_7_1\" name=\"wpforms[fields][7][]\" value=\"Drywall\" aria-errormessage=\"wpforms-1576-field_7_1-error\" required ><label class=\"wpforms-field-label-inline\" for=\"wpforms-1576-field_7_1\">Drywall<\/label><\/li><li class=\"choice-2 depth-1\"><input type=\"checkbox\" id=\"wpforms-1576-field_7_2\" name=\"wpforms[fields][7][]\" value=\"Hidr\u00e1ulica\" aria-errormessage=\"wpforms-1576-field_7_2-error\" required ><label class=\"wpforms-field-label-inline\" for=\"wpforms-1576-field_7_2\">Hidr\u00e1ulica<\/label><\/li><li class=\"choice-3 depth-1\"><input type=\"checkbox\" id=\"wpforms-1576-field_7_3\" name=\"wpforms[fields][7][]\" value=\"El\u00e9ctrica\" aria-errormessage=\"wpforms-1576-field_7_3-error\" required ><label class=\"wpforms-field-label-inline\" for=\"wpforms-1576-field_7_3\">El\u00e9ctrica<\/label><\/li><li class=\"choice-4 depth-1\"><input type=\"checkbox\" id=\"wpforms-1576-field_7_4\" name=\"wpforms[fields][7][]\" value=\"Pintura interna y externa\" aria-errormessage=\"wpforms-1576-field_7_4-error\" required ><label class=\"wpforms-field-label-inline\" for=\"wpforms-1576-field_7_4\">Pintura interna y externa<\/label><\/li><li class=\"choice-10 depth-1\"><input type=\"checkbox\" id=\"wpforms-1576-field_7_10\" name=\"wpforms[fields][7][]\" value=\"Puertas de madera\" aria-errormessage=\"wpforms-1576-field_7_10-error\" required ><label class=\"wpforms-field-label-inline\" for=\"wpforms-1576-field_7_10\">Puertas de madera<\/label><\/li><li class=\"choice-9 depth-1\"><input type=\"checkbox\" id=\"wpforms-1576-field_7_9\" name=\"wpforms[fields][7][]\" value=\"Infraestructura de climatizaci\u00f3n\" aria-errormessage=\"wpforms-1576-field_7_9-error\" required ><label class=\"wpforms-field-label-inline\" for=\"wpforms-1576-field_7_9\">Infraestructura de climatizaci\u00f3n<\/label><\/li><li class=\"choice-8 depth-1\"><input type=\"checkbox\" id=\"wpforms-1576-field_7_8\" name=\"wpforms[fields][7][]\" value=\"Gas\" aria-errormessage=\"wpforms-1576-field_7_8-error\" required ><label class=\"wpforms-field-label-inline\" for=\"wpforms-1576-field_7_8\">Gas<\/label><\/li><li class=\"choice-7 depth-1\"><input type=\"checkbox\" id=\"wpforms-1576-field_7_7\" name=\"wpforms[fields][7][]\" value=\"Steel Frame\" aria-errormessage=\"wpforms-1576-field_7_7-error\" required ><label class=\"wpforms-field-label-inline\" for=\"wpforms-1576-field_7_7\">Steel Frame<\/label><\/li><li class=\"choice-6 depth-1\"><input type=\"checkbox\" id=\"wpforms-1576-field_7_6\" name=\"wpforms[fields][7][]\" value=\"Servicios generales\" aria-errormessage=\"wpforms-1576-field_7_6-error\" required ><label class=\"wpforms-field-label-inline\" for=\"wpforms-1576-field_7_6\">Servicios generales<\/label><\/li><li class=\"choice-12 depth-1\"><input type=\"checkbox\" id=\"wpforms-1576-field_7_12\" name=\"wpforms[fields][7][]\" value=\"Otros\" aria-errormessage=\"wpforms-1576-field_7_12-error\" required ><label class=\"wpforms-field-label-inline\" for=\"wpforms-1576-field_7_12\">Otros<\/label><\/li><\/ul><\/fieldset><\/div><div id=\"wpforms-1576-field_21-container\" class=\"wpforms-field wpforms-field-text\" data-field-id=\"21\"><label class=\"wpforms-field-label\" for=\"wpforms-1576-field_21\">Otros servicios<\/label><input type=\"text\" id=\"wpforms-1576-field_21\" class=\"wpforms-field-large\" name=\"wpforms[fields][21]\" aria-errormessage=\"wpforms-1576-field_21-error\" aria-describedby=\"wpforms-1576-field_21-description\" ><div id=\"wpforms-1576-field_21-description\" class=\"wpforms-field-description\">Si tu empresa realiza otros servicios, por favor detallalos en este campo.<\/div><\/div><div id=\"wpforms-1576-field_12-container\" class=\"wpforms-field wpforms-field-layout\" data-field-id=\"12\"><h3 class=\"wpforms-field-label\">\n\t\t\t\t\u00bfCu\u00e1les son tus principales clientes?\n\t\t\t<\/h3><div id=\"wpforms-1576-field_12-description\" class=\"wpforms-field-description\">Aprovech\u00e1 los campos a continuaci\u00f3n para informar tus principales clientes.<\/div><div class=\"wpforms-field-layout-rows wpforms-field-large\"><div class=\"wpforms-layout-row\"><div class=\"wpforms-layout-column wpforms-layout-column-50\"><div id=\"wpforms-1576-field_13-container\" class=\"wpforms-field wpforms-field-name\" data-field-id=\"13\"><label class=\"wpforms-field-label\" for=\"wpforms-1576-field_13\">Nombre Cliente 01 <span class=\"wpforms-required-label\" aria-hidden=\"true\">*<\/span><\/label><input type=\"text\" id=\"wpforms-1576-field_13\" class=\"wpforms-field-medium wpforms-field-required\" name=\"wpforms[fields][13]\" aria-errormessage=\"wpforms-1576-field_13-error\" required><\/div><\/div><div class=\"wpforms-layout-column wpforms-layout-column-50\"><div id=\"wpforms-1576-field_14-container\" class=\"wpforms-field wpforms-field-phone\" data-field-id=\"14\"><label class=\"wpforms-field-label\" for=\"wpforms-1576-field_14\">Tel\u00e9fono Cliente 01 <span class=\"wpforms-required-label\" aria-hidden=\"true\">*<\/span><\/label><input type=\"tel\" id=\"wpforms-1576-field_14\" class=\"wpforms-field-medium wpforms-field-required wpforms-smart-phone-field\" data-rule-smart-phone-field=\"true\" name=\"wpforms[fields][14]\" aria-label=\"Tel\u00e9fono Cliente 01\" aria-errormessage=\"wpforms-1576-field_14-error\" required><\/div><\/div><\/div><div class=\"wpforms-layout-row\"><div class=\"wpforms-layout-column wpforms-layout-column-50\"><div id=\"wpforms-1576-field_16-container\" class=\"wpforms-field wpforms-field-name\" data-field-id=\"16\"><label class=\"wpforms-field-label\" for=\"wpforms-1576-field_16\">Nombre Cliente 02<\/label><input type=\"text\" id=\"wpforms-1576-field_16\" class=\"wpforms-field-medium\" name=\"wpforms[fields][16]\" aria-errormessage=\"wpforms-1576-field_16-error\" ><\/div><\/div><div class=\"wpforms-layout-column wpforms-layout-column-50\"><div id=\"wpforms-1576-field_17-container\" class=\"wpforms-field wpforms-field-phone\" data-field-id=\"17\"><label class=\"wpforms-field-label\" for=\"wpforms-1576-field_17\">Tel\u00e9fono Cliente 02<\/label><input type=\"tel\" id=\"wpforms-1576-field_17\" class=\"wpforms-field-medium wpforms-smart-phone-field\" data-rule-smart-phone-field=\"true\" name=\"wpforms[fields][17]\" aria-label=\"Tel\u00e9fono Cliente 02\" aria-errormessage=\"wpforms-1576-field_17-error\" ><\/div><\/div><\/div><div class=\"wpforms-layout-row\"><div class=\"wpforms-layout-column wpforms-layout-column-50\"><div id=\"wpforms-1576-field_19-container\" class=\"wpforms-field wpforms-field-name\" data-field-id=\"19\"><label class=\"wpforms-field-label\" for=\"wpforms-1576-field_19\">Nombre Cliente 03<\/label><input type=\"text\" id=\"wpforms-1576-field_19\" class=\"wpforms-field-medium\" name=\"wpforms[fields][19]\" aria-errormessage=\"wpforms-1576-field_19-error\" ><\/div><\/div><div class=\"wpforms-layout-column wpforms-layout-column-50\"><div id=\"wpforms-1576-field_20-container\" class=\"wpforms-field wpforms-field-phone\" data-field-id=\"20\"><label class=\"wpforms-field-label\" for=\"wpforms-1576-field_20\">Tel\u00e9fono Cliente 03<\/label><input type=\"tel\" id=\"wpforms-1576-field_20\" class=\"wpforms-field-medium wpforms-smart-phone-field\" data-rule-smart-phone-field=\"true\" name=\"wpforms[fields][20]\" aria-label=\"Tel\u00e9fono Cliente 03\" aria-errormessage=\"wpforms-1576-field_20-error\" ><\/div><\/div><\/div><\/div><\/div><div id=\"wpforms-1576-field_35-container\" class=\"wpforms-field wpforms-field-layout\" data-field-id=\"35\"><div class=\"wpforms-field-layout-rows wpforms-field-large\"><div class=\"wpforms-layout-row\"><div class=\"wpforms-layout-column wpforms-layout-column-100\"><div id=\"wpforms-1576-field_23-container\" class=\"wpforms-field wpforms-field-textarea\" data-field-id=\"23\"><label class=\"wpforms-field-label\" for=\"wpforms-1576-field_23\">Espacio libre para escribir sobre tu empresa.<\/label><textarea id=\"wpforms-1576-field_23\" class=\"wpforms-field-medium\" name=\"wpforms[fields][23]\" aria-errormessage=\"wpforms-1576-field_23-error\" ><\/textarea><\/div><\/div><\/div><\/div><\/div><\/div><!-- .wpforms-field-container --><div class=\"wpforms-submit-container\" ><input type=\"hidden\" name=\"wpforms[id]\" value=\"1576\"><input type=\"hidden\" name=\"page_title\" value=\"\"><input type=\"hidden\" name=\"page_url\" value=\"https:\/\/www.gbvempreendimentos.com.br\/es\/wp-json\/wp\/v2\/pages\/1566\"><button type=\"submit\" name=\"wpforms[submit]\" id=\"wpforms-submit-1576\" class=\"wpforms-submit\" data-alt-text=\"Enviando\u2026\" data-submit-text=\"Enviar\" aria-live=\"assertive\" value=\"wpforms-submit\">Enviar<\/button><img decoding=\"async\" src=\"https:\/\/www.gbvempreendimentos.com.br\/es\/wp-content\/plugins\/wpforms\/assets\/images\/submit-spin.svg\" class=\"wpforms-submit-spinner\" style=\"display: none;\" width=\"26\" height=\"26\" alt=\"Carregando\"><\/div><\/form><\/div>  <!-- .wpforms-container -->\t\t\t\t<\/div>\n\t\t\t\t<\/div>\n\t\t\t\t\t<\/div>\n\t\t<\/div>\n\t\t\t\t\t<\/div>\n\t\t<\/section>\n\t\t\t\t\t<\/div>\n\t\t<\/div>\n\t\t\t\t\t<\/div>\n\t\t<\/section>\n\t\t\t\t<\/div>\n\t\t","protected":false},"excerpt":{"rendered":"<p>Excelente padr\u00e3o construtivo, com qualidade em acabamentos e \u00e1reas luxuosas de lazer, em regi\u00f5es de alta valoriza\u00e7\u00e3o em Santa Catarina e Rio Grande do Sul.<\/p>\n","protected":false},"author":4,"featured_media":14,"parent":0,"menu_order":4,"comment_status":"closed","ping_status":"closed","template":"elementor_header_footer","meta":{"footnotes":""},"class_list":["post-1566","page","type-page","status-publish","has-post-thumbnail","hentry"],"_links":{"self":[{"href":"https:\/\/www.gbvempreendimentos.com.br\/es\/wp-json\/wp\/v2\/pages\/1566","targetHints":{"allow":["GET"]}}],"collection":[{"href":"https:\/\/www.gbvempreendimentos.com.br\/es\/wp-json\/wp\/v2\/pages"}],"about":[{"href":"https:\/\/www.gbvempreendimentos.com.br\/es\/wp-json\/wp\/v2\/types\/page"}],"author":[{"embeddable":true,"href":"https:\/\/www.gbvempreendimentos.com.br\/es\/wp-json\/wp\/v2\/users\/4"}],"replies":[{"embeddable":true,"href":"https:\/\/www.gbvempreendimentos.com.br\/es\/wp-json\/wp\/v2\/comments?post=1566"}],"version-history":[{"count":4,"href":"https:\/\/www.gbvempreendimentos.com.br\/es\/wp-json\/wp\/v2\/pages\/1566\/revisions"}],"predecessor-version":[{"id":2913,"href":"https:\/\/www.gbvempreendimentos.com.br\/es\/wp-json\/wp\/v2\/pages\/1566\/revisions\/2913"}],"wp:featuredmedia":[{"embeddable":true,"href":"https:\/\/www.gbvempreendimentos.com.br\/es\/wp-json\/wp\/v2\/media\/14"}],"wp:attachment":[{"href":"https:\/\/www.gbvempreendimentos.com.br\/es\/wp-json\/wp\/v2\/media?parent=1566"}],"curies":[{"name":"wp","href":"https:\/\/api.w.org\/{rel}","templated":true}]}}