{"id":1441,"date":"2025-01-21T20:08:45","date_gmt":"2025-01-21T20:08:45","guid":{"rendered":"https:\/\/site.gbvempreendimentos.com.br\/?page_id=1441"},"modified":"2025-11-23T16:48:11","modified_gmt":"2025-11-23T20:48:11","slug":"empreendimentos-saint-tropez","status":"publish","type":"page","link":"https:\/\/www.gbvempreendimentos.com.br\/es\/empreendimentos-saint-tropez\/","title":{"rendered":"Saint Tropez Residence &#8211; Emprendimiento &#8211; Bombinhas\/SC"},"content":{"rendered":"\t\t<div data-elementor-type=\"wp-page\" data-elementor-id=\"1441\" class=\"elementor elementor-1441\" data-elementor-post-type=\"page\">\n\t\t\t\t\t\t<section class=\"elementor-section elementor-top-section elementor-element elementor-element-4c96fc8 elementor-section-height-min-height elementor-section-items-top elementor-section-content-top elementor-section-full_width elementor-section-height-default\" data-id=\"4c96fc8\" data-element_type=\"section\" data-settings=\"{&quot;background_background&quot;:&quot;classic&quot;,&quot;animation&quot;:&quot;none&quot;}\">\n\t\t\t\t\t\t\t<div class=\"elementor-background-overlay\"><\/div>\n\t\t\t\t\t\t\t<div class=\"elementor-container elementor-column-gap-no\">\n\t\t\t\t\t<div class=\"elementor-column elementor-col-100 elementor-top-column elementor-element elementor-element-fedfa2c\" data-id=\"fedfa2c\" data-element_type=\"column\">\n\t\t\t<div class=\"elementor-widget-wrap elementor-element-populated\">\n\t\t\t\t\t\t<section class=\"elementor-section elementor-inner-section elementor-element elementor-element-7b579f1 elementor-section-height-min-height elementor-section-boxed elementor-section-height-default\" data-id=\"7b579f1\" data-element_type=\"section\" data-settings=\"{&quot;animation&quot;:&quot;none&quot;,&quot;animation_delay&quot;:100}\">\n\t\t\t\t\t\t<div class=\"elementor-container elementor-column-gap-default\">\n\t\t\t\t\t<div class=\"elementor-column elementor-col-100 elementor-inner-column elementor-element elementor-element-b1fcc15\" data-id=\"b1fcc15\" data-element_type=\"column\">\n\t\t\t<div class=\"elementor-widget-wrap elementor-element-populated\">\n\t\t\t\t\t\t<div class=\"elementor-element elementor-element-144bfa7 elementor-widget elementor-widget-image\" data-id=\"144bfa7\" data-element_type=\"widget\" data-widget_type=\"image.default\">\n\t\t\t\t<div class=\"elementor-widget-container\">\n\t\t\t\t\t\t\t\t\t\t\t\t\t\t\t<img fetchpriority=\"high\" decoding=\"async\" width=\"531\" height=\"204\" src=\"https:\/\/www.gbvempreendimentos.com.br\/es\/wp-content\/uploads\/2025\/03\/Logo-Saint-Tropez-Tipo-2.png\" class=\"attachment-large size-large wp-image-1983\" alt=\"\" srcset=\"https:\/\/www.gbvempreendimentos.com.br\/es\/wp-content\/uploads\/2025\/03\/Logo-Saint-Tropez-Tipo-2.png 531w, https:\/\/www.gbvempreendimentos.com.br\/es\/wp-content\/uploads\/2025\/03\/Logo-Saint-Tropez-Tipo-2-300x115.png 300w\" sizes=\"(max-width: 531px) 100vw, 531px\" \/>\t\t\t\t\t\t\t\t\t\t\t\t\t\t\t<\/div>\n\t\t\t\t<\/div>\n\t\t\t\t<div class=\"elementor-element elementor-element-d0c3071 elementor-align-center elementor-widget elementor-widget-button\" data-id=\"d0c3071\" data-element_type=\"widget\" data-widget_type=\"button.default\">\n\t\t\t\t<div class=\"elementor-widget-container\">\n\t\t\t\t\t\t\t\t\t<div class=\"elementor-button-wrapper\">\n\t\t\t\t\t<a class=\"elementor-button elementor-size-sm\" role=\"button\">\n\t\t\t\t\t\t<span class=\"elementor-button-content-wrapper\">\n\t\t\t\t\t\t\t\t\t<span class=\"elementor-button-text\">BOMBINHAS\/SC<\/span>\n\t\t\t\t\t<\/span>\n\t\t\t\t\t<\/a>\n\t\t\t\t<\/div>\n\t\t\t\t\t\t\t\t<\/div>\n\t\t\t\t<\/div>\n\t\t\t\t<div class=\"elementor-element elementor-element-c7f55cb elementor-widget elementor-widget-heading\" data-id=\"c7f55cb\" data-element_type=\"widget\" data-widget_type=\"heading.default\">\n\t\t\t\t<div class=\"elementor-widget-container\">\n\t\t\t\t\t<h2 class=\"elementor-heading-title elementor-size-default\">Pre-lanzamiento<\/h2>\t\t\t\t<\/div>\n\t\t\t\t<\/div>\n\t\t\t\t\t<\/div>\n\t\t<\/div>\n\t\t\t\t\t<\/div>\n\t\t<\/section>\n\t\t\t\t\t<\/div>\n\t\t<\/div>\n\t\t\t\t\t<\/div>\n\t\t<\/section>\n\t\t\t\t<section class=\"elementor-section elementor-top-section elementor-element elementor-element-dbe5d38 elementor-section-height-min-height elementor-section-boxed elementor-section-height-default elementor-section-items-middle\" data-id=\"dbe5d38\" data-element_type=\"section\" data-settings=\"{&quot;background_background&quot;:&quot;classic&quot;}\">\n\t\t\t\t\t\t<div class=\"elementor-container elementor-column-gap-default\">\n\t\t\t\t\t<div class=\"elementor-column elementor-col-50 elementor-top-column elementor-element elementor-element-daaf652\" data-id=\"daaf652\" data-element_type=\"column\">\n\t\t\t<div class=\"elementor-widget-wrap elementor-element-populated\">\n\t\t\t\t\t\t<div class=\"elementor-element elementor-element-474db7d elementor-widget elementor-widget-heading\" data-id=\"474db7d\" data-element_type=\"widget\" data-widget_type=\"heading.default\">\n\t\t\t\t<div class=\"elementor-widget-container\">\n\t\t\t\t\t<h2 class=\"elementor-heading-title elementor-size-default\">Saint TROPEZ RESIDENCE<\/h2>\t\t\t\t<\/div>\n\t\t\t\t<\/div>\n\t\t\t\t<div class=\"elementor-element elementor-element-f8cca1a elementor-widget-divider--view-line elementor-widget elementor-widget-divider\" data-id=\"f8cca1a\" data-element_type=\"widget\" data-widget_type=\"divider.default\">\n\t\t\t\t<div class=\"elementor-widget-container\">\n\t\t\t\t\t\t\t<div class=\"elementor-divider\">\n\t\t\t<span class=\"elementor-divider-separator\">\n\t\t\t\t\t\t<\/span>\n\t\t<\/div>\n\t\t\t\t\t\t<\/div>\n\t\t\t\t<\/div>\n\t\t\t\t<div class=\"elementor-element elementor-element-16bb85c elementor-widget elementor-widget-heading\" data-id=\"16bb85c\" data-element_type=\"widget\" data-widget_type=\"heading.default\">\n\t\t\t\t<div class=\"elementor-widget-container\">\n\t\t\t\t\t<h2 class=\"elementor-heading-title elementor-size-default\">Bombinhas\/sc<\/h2>\t\t\t\t<\/div>\n\t\t\t\t<\/div>\n\t\t\t\t\t<\/div>\n\t\t<\/div>\n\t\t\t\t<div class=\"elementor-column elementor-col-50 elementor-top-column elementor-element elementor-element-b049ddb\" data-id=\"b049ddb\" data-element_type=\"column\">\n\t\t\t<div class=\"elementor-widget-wrap elementor-element-populated\">\n\t\t\t\t\t\t<div class=\"elementor-element elementor-element-69a3cf5 elementor-widget elementor-widget-text-editor\" data-id=\"69a3cf5\" data-element_type=\"widget\" data-widget_type=\"text-editor.default\">\n\t\t\t\t<div class=\"elementor-widget-container\">\n\t\t\t\t\t\t\t\t\t<p><strong>Saint Tropez<\/strong> es mucho m\u00e1s que un emprendimiento: es una invitaci\u00f3n a vivir el encanto y la elegancia de la arquitectura francesa en el coraz\u00f3n de Bombinhas. Inspirado en la magia de la Riviera Francesa, el proyecto combina sofisticaci\u00f3n y exclusividad con el alto est\u00e1ndar de calidad de <strong>GBV Empreendimentos<\/strong>.<\/p><p>Con una arquitectura \u00fanica y detalles que remiten al lujo europeo, <strong>Saint Tropez<\/strong> es ideal para quienes buscan una experiencia de vida incomparable, rodeada por la belleza natural del litoral catarinense.<\/p>\t\t\t\t\t\t\t\t<\/div>\n\t\t\t\t<\/div>\n\t\t\t\t\t<\/div>\n\t\t<\/div>\n\t\t\t\t\t<\/div>\n\t\t<\/section>\n\t\t\t\t<section class=\"elementor-section elementor-top-section elementor-element elementor-element-7d7aa75 elementor-section-full_width elementor-section-height-default elementor-section-height-default\" data-id=\"7d7aa75\" data-element_type=\"section\">\n\t\t\t\t\t\t<div class=\"elementor-container elementor-column-gap-no\">\n\t\t\t\t\t<div class=\"elementor-column elementor-col-100 elementor-top-column elementor-element elementor-element-94733dc\" data-id=\"94733dc\" data-element_type=\"column\">\n\t\t\t<div class=\"elementor-widget-wrap elementor-element-populated\">\n\t\t\t\t\t\t<div class=\"elementor-element elementor-element-c64c705 elementor-arrows-position-inside elementor-widget elementor-widget-image-carousel\" data-id=\"c64c705\" data-element_type=\"widget\" data-settings=\"{&quot;slides_to_show&quot;:&quot;4&quot;,&quot;slides_to_show_mobile&quot;:&quot;2&quot;,&quot;navigation&quot;:&quot;arrows&quot;,&quot;autoplay&quot;:&quot;yes&quot;,&quot;pause_on_hover&quot;:&quot;yes&quot;,&quot;pause_on_interaction&quot;:&quot;yes&quot;,&quot;autoplay_speed&quot;:5000,&quot;infinite&quot;:&quot;yes&quot;,&quot;speed&quot;:500}\" data-widget_type=\"image-carousel.default\">\n\t\t\t\t<div class=\"elementor-widget-container\">\n\t\t\t\t\t\t\t<div class=\"elementor-image-carousel-wrapper swiper\" role=\"region\" aria-roledescription=\"carousel\" aria-label=\"Carrossel de imagens\" dir=\"ltr\">\n\t\t\t<div class=\"elementor-image-carousel swiper-wrapper swiper-image-stretch\" aria-live=\"off\">\n\t\t\t\t\t\t\t\t<div class=\"swiper-slide\" role=\"group\" aria-roledescription=\"slide\" aria-label=\"1 de 10\"><a data-elementor-open-lightbox=\"yes\" data-elementor-lightbox-slideshow=\"c64c705\" data-elementor-lightbox-title=\"Fachada\" data-e-action-hash=\"#elementor-action%3Aaction%3Dlightbox%26settings%3DeyJpZCI6MjA2MiwidXJsIjoiaHR0cHM6XC9cL3d3dy5nYnZlbXByZWVuZGltZW50b3MuY29tLmJyXC9lc1wvd3AtY29udGVudFwvdXBsb2Fkc1wvMjAyNVwvMDNcL0V4dGVybmEtTm90dXJuYS1BLTAxLXNjYWxlZC5qcGciLCJzbGlkZXNob3ciOiJjNjRjNzA1In0%3D\" href=\"https:\/\/www.gbvempreendimentos.com.br\/es\/wp-content\/uploads\/2025\/03\/Externa-Noturna-A-01-scaled.jpg\"><figure class=\"swiper-slide-inner\"><img decoding=\"async\" class=\"swiper-slide-image\" src=\"https:\/\/www.gbvempreendimentos.com.br\/es\/wp-content\/uploads\/elementor\/thumbs\/Externa-Noturna-A-01-scaled-r3j0tvr6la3oe97tbdlrqp443n6ao9l4feggsthhdk.jpg\" alt=\"Fachada\" \/><\/figure><\/a><\/div><div class=\"swiper-slide\" role=\"group\" aria-roledescription=\"slide\" aria-label=\"2 de 10\"><a data-elementor-open-lightbox=\"yes\" data-elementor-lightbox-slideshow=\"c64c705\" data-elementor-lightbox-title=\"Fachada\" data-e-action-hash=\"#elementor-action%3Aaction%3Dlightbox%26settings%3DeyJpZCI6MjA2MSwidXJsIjoiaHR0cHM6XC9cL3d3dy5nYnZlbXByZWVuZGltZW50b3MuY29tLmJyXC9lc1wvd3AtY29udGVudFwvdXBsb2Fkc1wvMjAyNVwvMDNcL0V4dGVybmEtQS0wMS1zY2FsZWQuanBnIiwic2xpZGVzaG93IjoiYzY0YzcwNSJ9\" href=\"https:\/\/www.gbvempreendimentos.com.br\/es\/wp-content\/uploads\/2025\/03\/Externa-A-01-scaled.jpg\"><figure class=\"swiper-slide-inner\"><img decoding=\"async\" class=\"swiper-slide-image\" src=\"https:\/\/www.gbvempreendimentos.com.br\/es\/wp-content\/uploads\/elementor\/thumbs\/Externa-A-01-scaled-r3j0tc0klrcnmg0hin2lsc3fmjvl6mercor9q0ar08.jpg\" alt=\"Fachada\" \/><\/figure><\/a><\/div><div class=\"swiper-slide\" role=\"group\" aria-roledescription=\"slide\" aria-label=\"3 de 10\"><a data-elementor-open-lightbox=\"yes\" data-elementor-lightbox-slideshow=\"c64c705\" data-elementor-lightbox-title=\"Hall\" data-e-action-hash=\"#elementor-action%3Aaction%3Dlightbox%26settings%3DeyJpZCI6MjA2MywidXJsIjoiaHR0cHM6XC9cL3d3dy5nYnZlbXByZWVuZGltZW50b3MuY29tLmJyXC9lc1wvd3AtY29udGVudFwvdXBsb2Fkc1wvMjAyNVwvMDNcL0hhbGwtQS0wMS1zY2FsZWQuanBnIiwic2xpZGVzaG93IjoiYzY0YzcwNSJ9\" href=\"https:\/\/www.gbvempreendimentos.com.br\/es\/wp-content\/uploads\/2025\/03\/Hall-A-01-scaled.jpg\"><figure class=\"swiper-slide-inner\"><img decoding=\"async\" class=\"swiper-slide-image\" src=\"https:\/\/www.gbvempreendimentos.com.br\/es\/wp-content\/uploads\/elementor\/thumbs\/Hall-A-01-scaled-r3j0u9urfsmz8enc11p6a3k10f8svq53hc8qzywks8.jpg\" alt=\"Hall\" \/><\/figure><\/a><\/div><div class=\"swiper-slide\" role=\"group\" aria-roledescription=\"slide\" aria-label=\"4 de 10\"><a data-elementor-open-lightbox=\"yes\" data-elementor-lightbox-slideshow=\"c64c705\" data-elementor-lightbox-title=\"Academia\" data-e-action-hash=\"#elementor-action%3Aaction%3Dlightbox%26settings%3DeyJpZCI6MjA1NywidXJsIjoiaHR0cHM6XC9cL3d3dy5nYnZlbXByZWVuZGltZW50b3MuY29tLmJyXC9lc1wvd3AtY29udGVudFwvdXBsb2Fkc1wvMjAyNVwvMDNcL0FjYWRlbWlhLUEtMDEtc2NhbGVkLmpwZyIsInNsaWRlc2hvdyI6ImM2NGM3MDUifQ%3D%3D\" href=\"https:\/\/www.gbvempreendimentos.com.br\/es\/wp-content\/uploads\/2025\/03\/Academia-A-01-scaled.jpg\"><figure class=\"swiper-slide-inner\"><img decoding=\"async\" class=\"swiper-slide-image\" src=\"https:\/\/www.gbvempreendimentos.com.br\/es\/wp-content\/uploads\/elementor\/thumbs\/Academia-A-01-scaled-r3j0s6no91s1flok8570qmj5hljfrxukj01wlu02m0.jpg\" alt=\"Academia\" \/><\/figure><\/a><\/div><div class=\"swiper-slide\" role=\"group\" aria-roledescription=\"slide\" aria-label=\"5 de 10\"><a data-elementor-open-lightbox=\"yes\" data-elementor-lightbox-slideshow=\"c64c705\" data-elementor-lightbox-title=\"Brinquedoteca\" data-e-action-hash=\"#elementor-action%3Aaction%3Dlightbox%26settings%3DeyJpZCI6MjA2MCwidXJsIjoiaHR0cHM6XC9cL3d3dy5nYnZlbXByZWVuZGltZW50b3MuY29tLmJyXC9lc1wvd3AtY29udGVudFwvdXBsb2Fkc1wvMjAyNVwvMDNcL0JyaW5xdWVkb3RlY2EtQS0wMS1zY2FsZWQuanBnIiwic2xpZGVzaG93IjoiYzY0YzcwNSJ9\" href=\"https:\/\/www.gbvempreendimentos.com.br\/es\/wp-content\/uploads\/2025\/03\/Brinquedoteca-A-01-scaled.jpg\"><figure class=\"swiper-slide-inner\"><img decoding=\"async\" class=\"swiper-slide-image\" src=\"https:\/\/www.gbvempreendimentos.com.br\/es\/wp-content\/uploads\/elementor\/thumbs\/Brinquedoteca-A-01-scaled-r3j0sqea8kj27evw0vq6ozjtyou59l0xlpr3on6szc.jpg\" alt=\"Brinquedoteca\" \/><\/figure><\/a><\/div><div class=\"swiper-slide\" role=\"group\" aria-roledescription=\"slide\" aria-label=\"6 de 10\"><a data-elementor-open-lightbox=\"yes\" data-elementor-lightbox-slideshow=\"c64c705\" data-elementor-lightbox-title=\"Sala de jogos\" data-e-action-hash=\"#elementor-action%3Aaction%3Dlightbox%26settings%3DeyJpZCI6MjA2NiwidXJsIjoiaHR0cHM6XC9cL3d3dy5nYnZlbXByZWVuZGltZW50b3MuY29tLmJyXC9lc1wvd3AtY29udGVudFwvdXBsb2Fkc1wvMjAyNVwvMDNcL1NhbGEtZGUtam9nb3MtQS0wMS1zY2FsZWQuanBnIiwic2xpZGVzaG93IjoiYzY0YzcwNSJ9\" href=\"https:\/\/www.gbvempreendimentos.com.br\/es\/wp-content\/uploads\/2025\/03\/Sala-de-jogos-A-01-scaled.jpg\"><figure class=\"swiper-slide-inner\"><img decoding=\"async\" class=\"swiper-slide-image\" src=\"https:\/\/www.gbvempreendimentos.com.br\/es\/wp-content\/uploads\/elementor\/thumbs\/Sala-de-jogos-A-01-scaled-r3j0vce5803qgf3cs0cvmbtxd7yunbe3amznobbfp4.jpg\" alt=\"Sala de jogos\" \/><\/figure><\/a><\/div><div class=\"swiper-slide\" role=\"group\" aria-roledescription=\"slide\" aria-label=\"7 de 10\"><a data-elementor-open-lightbox=\"yes\" data-elementor-lightbox-slideshow=\"c64c705\" data-elementor-lightbox-title=\"Salao de festas\" data-e-action-hash=\"#elementor-action%3Aaction%3Dlightbox%26settings%3DeyJpZCI6MjA2NywidXJsIjoiaHR0cHM6XC9cL3d3dy5nYnZlbXByZWVuZGltZW50b3MuY29tLmJyXC9lc1wvd3AtY29udGVudFwvdXBsb2Fkc1wvMjAyNVwvMDNcL1NhbGFvLWRlLWZlc3Rhcy1BLTAxLXNjYWxlZC5qcGciLCJzbGlkZXNob3ciOiJjNjRjNzA1In0%3D\" href=\"https:\/\/www.gbvempreendimentos.com.br\/es\/wp-content\/uploads\/2025\/03\/Salao-de-festas-A-01-scaled.jpg\"><figure class=\"swiper-slide-inner\"><img decoding=\"async\" class=\"swiper-slide-image\" src=\"https:\/\/www.gbvempreendimentos.com.br\/es\/wp-content\/uploads\/elementor\/thumbs\/Salao-de-festas-A-01-scaled-r3j0vmqdb6hw04oc3mtrvr7zwgjvzzj5025zycw3so.jpg\" alt=\"Salao de festas\" \/><\/figure><\/a><\/div><div class=\"swiper-slide\" role=\"group\" aria-roledescription=\"slide\" aria-label=\"8 de 10\"><a data-elementor-open-lightbox=\"yes\" data-elementor-lightbox-slideshow=\"c64c705\" data-elementor-lightbox-title=\"Piscina\" data-e-action-hash=\"#elementor-action%3Aaction%3Dlightbox%26settings%3DeyJpZCI6MjA2NCwidXJsIjoiaHR0cHM6XC9cL3d3dy5nYnZlbXByZWVuZGltZW50b3MuY29tLmJyXC9lc1wvd3AtY29udGVudFwvdXBsb2Fkc1wvMjAyNVwvMDNcL1Bpc2NpbmEtQS0wMS1zY2FsZWQuanBnIiwic2xpZGVzaG93IjoiYzY0YzcwNSJ9\" href=\"https:\/\/www.gbvempreendimentos.com.br\/es\/wp-content\/uploads\/2025\/03\/Piscina-A-01-scaled.jpg\"><figure class=\"swiper-slide-inner\"><img decoding=\"async\" class=\"swiper-slide-image\" src=\"https:\/\/www.gbvempreendimentos.com.br\/es\/wp-content\/uploads\/elementor\/thumbs\/Piscina-A-01-scaled-r3j0un0i3h4zqy47w7dy908hbtfxvhlc75djpud2d4.jpg\" alt=\"Piscina\" \/><\/figure><\/a><\/div><div class=\"swiper-slide\" role=\"group\" aria-roledescription=\"slide\" aria-label=\"9 de 10\"><a data-elementor-open-lightbox=\"yes\" data-elementor-lightbox-slideshow=\"c64c705\" data-elementor-lightbox-title=\"Bangalos\" data-e-action-hash=\"#elementor-action%3Aaction%3Dlightbox%26settings%3DeyJpZCI6MjA1OCwidXJsIjoiaHR0cHM6XC9cL3d3dy5nYnZlbXByZWVuZGltZW50b3MuY29tLmJyXC9lc1wvd3AtY29udGVudFwvdXBsb2Fkc1wvMjAyNVwvMDNcL0JhbmdhbG9zLUEtMDEtc2NhbGVkLmpwZyIsInNsaWRlc2hvdyI6ImM2NGM3MDUifQ%3D%3D\" href=\"https:\/\/www.gbvempreendimentos.com.br\/es\/wp-content\/uploads\/2025\/03\/Bangalos-A-01-scaled.jpg\"><figure class=\"swiper-slide-inner\"><img decoding=\"async\" class=\"swiper-slide-image\" src=\"https:\/\/www.gbvempreendimentos.com.br\/es\/wp-content\/uploads\/elementor\/thumbs\/Bangalos-A-01-scaled-r3j0shxqj27hax86ea2jkjoom7zucb3ckjvqd5jcjc.jpg\" alt=\"Bangalos\" \/><\/figure><\/a><\/div><div class=\"swiper-slide\" role=\"group\" aria-roledescription=\"slide\" aria-label=\"10 de 10\"><a data-elementor-open-lightbox=\"yes\" data-elementor-lightbox-slideshow=\"c64c705\" data-elementor-lightbox-title=\"Playground\" data-e-action-hash=\"#elementor-action%3Aaction%3Dlightbox%26settings%3DeyJpZCI6MjA2NSwidXJsIjoiaHR0cHM6XC9cL3d3dy5nYnZlbXByZWVuZGltZW50b3MuY29tLmJyXC9lc1wvd3AtY29udGVudFwvdXBsb2Fkc1wvMjAyNVwvMDNcL1BsYXlncm91bmQtQS0wMS1zY2FsZWQuanBnIiwic2xpZGVzaG93IjoiYzY0YzcwNSJ9\" href=\"https:\/\/www.gbvempreendimentos.com.br\/es\/wp-content\/uploads\/2025\/03\/Playground-A-01-scaled.jpg\"><figure class=\"swiper-slide-inner\"><img decoding=\"async\" class=\"swiper-slide-image\" src=\"https:\/\/www.gbvempreendimentos.com.br\/es\/wp-content\/uploads\/elementor\/thumbs\/Playground-A-01-scaled-r3j0v142xzoal3jqlvhcseoe8lig2y5b935twzs5rs.jpg\" alt=\"Playground\" \/><\/figure><\/a><\/div>\t\t\t<\/div>\n\t\t\t\t\t\t\t\t\t\t\t\t<div class=\"elementor-swiper-button elementor-swiper-button-prev\" role=\"button\" tabindex=\"0\">\n\t\t\t\t\t\t<i aria-hidden=\"true\" class=\"eicon-chevron-left\"><\/i>\t\t\t\t\t<\/div>\n\t\t\t\t\t<div class=\"elementor-swiper-button elementor-swiper-button-next\" role=\"button\" tabindex=\"0\">\n\t\t\t\t\t\t<i aria-hidden=\"true\" class=\"eicon-chevron-right\"><\/i>\t\t\t\t\t<\/div>\n\t\t\t\t\n\t\t\t\t\t\t\t\t\t<\/div>\n\t\t\t\t\t\t<\/div>\n\t\t\t\t<\/div>\n\t\t\t\t\t<\/div>\n\t\t<\/div>\n\t\t\t\t\t<\/div>\n\t\t<\/section>\n\t\t\t\t<section class=\"elementor-section elementor-top-section elementor-element elementor-element-6c4995b elementor-section-boxed elementor-section-height-default elementor-section-height-default\" data-id=\"6c4995b\" data-element_type=\"section\" data-settings=\"{&quot;background_background&quot;:&quot;classic&quot;}\">\n\t\t\t\t\t\t<div class=\"elementor-container elementor-column-gap-default\">\n\t\t\t\t\t<div class=\"elementor-column elementor-col-100 elementor-top-column elementor-element elementor-element-29a95f2\" data-id=\"29a95f2\" data-element_type=\"column\">\n\t\t\t<div class=\"elementor-widget-wrap elementor-element-populated\">\n\t\t\t\t\t\t<div class=\"elementor-element elementor-element-cafe991 elementor-widget elementor-widget-heading\" data-id=\"cafe991\" data-element_type=\"widget\" data-widget_type=\"heading.default\">\n\t\t\t\t<div class=\"elementor-widget-container\">\n\t\t\t\t\t<h1 class=\"elementor-heading-title elementor-size-default\">Detalles del Emprendimiento<\/h1>\t\t\t\t<\/div>\n\t\t\t\t<\/div>\n\t\t\t\t<div class=\"elementor-element elementor-element-a3e00ca elementor-widget elementor-widget-heading\" data-id=\"a3e00ca\" data-element_type=\"widget\" data-widget_type=\"heading.default\">\n\t\t\t\t<div class=\"elementor-widget-container\">\n\t\t\t\t\t<h2 class=\"elementor-heading-title elementor-size-default\">Ubicaci\u00f3n privilegiada<\/h2>\t\t\t\t<\/div>\n\t\t\t\t<\/div>\n\t\t\t\t<div class=\"elementor-element elementor-element-423b39e elementor-widget elementor-widget-text-editor\" data-id=\"423b39e\" data-element_type=\"widget\" data-widget_type=\"text-editor.default\">\n\t\t\t\t<div class=\"elementor-widget-container\">\n\t\t\t\t\t\t\t\t\t<p>Rua Pescada Branca, Bombinhas \u2013 SC. Cercano a las playas m\u00e1s deslumbrantes de la regi\u00f3n, rodeado de naturaleza preservada y con infraestructura completa.<\/p>\t\t\t\t\t\t\t\t<\/div>\n\t\t\t\t<\/div>\n\t\t\t\t<div class=\"elementor-element elementor-element-b9083ee elementor-widget elementor-widget-heading\" data-id=\"b9083ee\" data-element_type=\"widget\" data-widget_type=\"heading.default\">\n\t\t\t\t<div class=\"elementor-widget-container\">\n\t\t\t\t\t<h2 class=\"elementor-heading-title elementor-size-default\">Diferenciales<\/h2>\t\t\t\t<\/div>\n\t\t\t\t<\/div>\n\t\t\t\t<div class=\"elementor-element elementor-element-24081a0 elementor-widget elementor-widget-text-editor\" data-id=\"24081a0\" data-element_type=\"widget\" data-widget_type=\"text-editor.default\">\n\t\t\t\t<div class=\"elementor-widget-container\">\n\t\t\t\t\t\t\t\t\t<ul><li>Arquitectura inspirada en el encanto de Saint-Tropez, en la Riviera Francesa<\/li><li>Ambientes dise\u00f1ados para bienestar y ocio<\/li><li>Alto est\u00e1ndar de acabado y construcci\u00f3n GBV<\/li><li>Solo 18 departamentos exclusivos<\/li><\/ul>\t\t\t\t\t\t\t\t<\/div>\n\t\t\t\t<\/div>\n\t\t\t\t<div class=\"elementor-element elementor-element-abefe15 elementor-widget elementor-widget-heading\" data-id=\"abefe15\" data-element_type=\"widget\" data-widget_type=\"heading.default\">\n\t\t\t\t<div class=\"elementor-widget-container\">\n\t\t\t\t\t<h2 class=\"elementor-heading-title elementor-size-default\">\u00c1rea de Lazer Completa<\/h2>\t\t\t\t<\/div>\n\t\t\t\t<\/div>\n\t\t\t\t<div class=\"elementor-element elementor-element-c420e2b elementor-widget elementor-widget-text-editor\" data-id=\"c420e2b\" data-element_type=\"widget\" data-widget_type=\"text-editor.default\">\n\t\t\t\t<div class=\"elementor-widget-container\">\n\t\t\t\t\t\t\t\t\t<ul><li>Sal\u00f3n de fiestas<\/li><li>Sala de juegos<\/li><li>Piscina climatizada<\/li><li>Espacio kids y sala infantil<\/li><li>Playground<\/li><li>Bungal\u00f3s<\/li><li>\u00c1rea gourmet<\/li><li>Gimnasio<\/li><li>Mini golf<\/li><li>Sauna<\/li><\/ul>\t\t\t\t\t\t\t\t<\/div>\n\t\t\t\t<\/div>\n\t\t\t\t<div class=\"elementor-element elementor-element-aebb0a4 elementor-widget elementor-widget-heading\" data-id=\"aebb0a4\" data-element_type=\"widget\" data-widget_type=\"heading.default\">\n\t\t\t\t<div class=\"elementor-widget-container\">\n\t\t\t\t\t<h2 class=\"elementor-heading-title elementor-size-default\">Plantas inteligentes<\/h2>\t\t\t\t<\/div>\n\t\t\t\t<\/div>\n\t\t\t\t<div class=\"elementor-element elementor-element-1c0b8be elementor-widget elementor-widget-text-editor\" data-id=\"1c0b8be\" data-element_type=\"widget\" data-widget_type=\"text-editor.default\">\n\t\t\t\t<div class=\"elementor-widget-container\">\n\t\t\t\t\t\t\t\t\t<ul><li><strong>Departamentos tipo<\/strong>: 80 m\u00b2 a 98 m\u00b2 \u2014 2 suites<\/li><li><strong>Coberturas<\/strong>: 130 m\u00b2 a 145 m\u00b2 \u2014 3 suites<\/li><li><strong>Departamento Garden exclusivo<\/strong><\/li><\/ul>\t\t\t\t\t\t\t\t<\/div>\n\t\t\t\t<\/div>\n\t\t\t\t\t<\/div>\n\t\t<\/div>\n\t\t\t\t\t<\/div>\n\t\t<\/section>\n\t\t\t\t<section class=\"elementor-section elementor-top-section elementor-element elementor-element-02b479d elementor-section-boxed elementor-section-height-default elementor-section-height-default\" data-id=\"02b479d\" data-element_type=\"section\">\n\t\t\t\t\t\t<div class=\"elementor-container elementor-column-gap-default\">\n\t\t\t\t\t<div class=\"elementor-column elementor-col-100 elementor-top-column elementor-element elementor-element-6fe23d3\" data-id=\"6fe23d3\" data-element_type=\"column\">\n\t\t\t<div class=\"elementor-widget-wrap elementor-element-populated\">\n\t\t\t\t\t\t<div class=\"elementor-element elementor-element-beace4c elementor-widget elementor-widget-heading\" data-id=\"beace4c\" data-element_type=\"widget\" data-widget_type=\"heading.default\">\n\t\t\t\t<div class=\"elementor-widget-container\">\n\t\t\t\t\t<h2 class=\"elementor-heading-title elementor-size-default\">Valorizaci\u00f3n Garantizada<\/h2>\t\t\t\t<\/div>\n\t\t\t\t<\/div>\n\t\t\t\t<div class=\"elementor-element elementor-element-dfb62f8 elementor-widget elementor-widget-text-editor\" data-id=\"dfb62f8\" data-element_type=\"widget\" data-widget_type=\"text-editor.default\">\n\t\t\t\t<div class=\"elementor-widget-container\">\n\t\t\t\t\t\t\t\t\t<p>Bombinhas est\u00e1 entre los destinos m\u00e1s buscados de Brasil, con alta valorizaci\u00f3n inmobiliaria, gran potencial de renta y turismo activo durante todo el a\u00f1o.<\/p>\t\t\t\t\t\t\t\t<\/div>\n\t\t\t\t<\/div>\n\t\t\t\t\t<\/div>\n\t\t<\/div>\n\t\t\t\t\t<\/div>\n\t\t<\/section>\n\t\t\t\t<\/div>\n\t\t","protected":false},"excerpt":{"rendered":"<p>Excelente padr\u00e3o construtivo, com qualidade em acabamentos e \u00e1reas luxuosas de lazer, em regi\u00f5es de alta valoriza\u00e7\u00e3o em Santa Catarina e Rio Grande do Sul.<\/p>\n","protected":false},"author":4,"featured_media":14,"parent":0,"menu_order":9,"comment_status":"closed","ping_status":"closed","template":"elementor_header_footer","meta":{"footnotes":""},"class_list":["post-1441","page","type-page","status-publish","has-post-thumbnail","hentry"],"_links":{"self":[{"href":"https:\/\/www.gbvempreendimentos.com.br\/es\/wp-json\/wp\/v2\/pages\/1441","targetHints":{"allow":["GET"]}}],"collection":[{"href":"https:\/\/www.gbvempreendimentos.com.br\/es\/wp-json\/wp\/v2\/pages"}],"about":[{"href":"https:\/\/www.gbvempreendimentos.com.br\/es\/wp-json\/wp\/v2\/types\/page"}],"author":[{"embeddable":true,"href":"https:\/\/www.gbvempreendimentos.com.br\/es\/wp-json\/wp\/v2\/users\/4"}],"replies":[{"embeddable":true,"href":"https:\/\/www.gbvempreendimentos.com.br\/es\/wp-json\/wp\/v2\/comments?post=1441"}],"version-history":[{"count":4,"href":"https:\/\/www.gbvempreendimentos.com.br\/es\/wp-json\/wp\/v2\/pages\/1441\/revisions"}],"predecessor-version":[{"id":2954,"href":"https:\/\/www.gbvempreendimentos.com.br\/es\/wp-json\/wp\/v2\/pages\/1441\/revisions\/2954"}],"wp:featuredmedia":[{"embeddable":true,"href":"https:\/\/www.gbvempreendimentos.com.br\/es\/wp-json\/wp\/v2\/media\/14"}],"wp:attachment":[{"href":"https:\/\/www.gbvempreendimentos.com.br\/es\/wp-json\/wp\/v2\/media?parent=1441"}],"curies":[{"name":"wp","href":"https:\/\/api.w.org\/{rel}","templated":true}]}}